{"id":3296,"date":"2023-12-14T06:46:53","date_gmt":"2023-12-14T06:46:53","guid":{"rendered":"https:\/\/lemaanam.org.il\/informations-utiles-et-droits\/"},"modified":"2024-10-09T10:05:09","modified_gmt":"2024-10-09T10:05:09","slug":"informations-utiles-et-droits","status":"publish","type":"page","link":"https:\/\/lemaanam.org.il\/fr\/informations-utiles-et-droits\/","title":{"rendered":"Informations utiles et droits"},"content":{"rendered":"\t\t<div data-elementor-type=\"wp-page\" data-elementor-id=\"3296\" class=\"elementor elementor-3296 elementor-1300\" data-elementor-post-type=\"page\">\n\t\t\t\t\t\t<section class=\"elementor-section elementor-top-section elementor-element elementor-element-924bddd elementor-section-boxed elementor-section-height-default elementor-section-height-default\" data-id=\"924bddd\" data-element_type=\"section\" data-settings=\"{&quot;background_background&quot;:&quot;classic&quot;}\">\n\t\t\t\t\t\t\t<div class=\"elementor-background-overlay\"><\/div>\n\t\t\t\t\t\t\t<div class=\"elementor-container elementor-column-gap-no\">\n\t\t\t\t\t<div class=\"elementor-column elementor-col-100 elementor-top-column elementor-element elementor-element-1c97ed58\" data-id=\"1c97ed58\" data-element_type=\"column\">\n\t\t\t<div class=\"elementor-widget-wrap elementor-element-populated\">\n\t\t\t\t\t\t<div class=\"elementor-element elementor-element-49d5ad3b elementor-widget elementor-widget-heading\" data-id=\"49d5ad3b\" data-element_type=\"widget\" data-widget_type=\"heading.default\">\n\t\t\t\t<div class=\"elementor-widget-container\">\n\t\t\t\t\t<h1 class=\"elementor-heading-title elementor-size-default\">Informations utiles et droits<\/h1>\t\t\t\t<\/div>\n\t\t\t\t<\/div>\n\t\t\t\t\t<\/div>\n\t\t<\/div>\n\t\t\t\t\t<\/div>\n\t\t<\/section>\n\t\t\t\t<section class=\"elementor-section elementor-top-section elementor-element elementor-element-18badfa1 elementor-section-boxed elementor-section-height-default elementor-section-height-default\" data-id=\"18badfa1\" data-element_type=\"section\">\n\t\t\t\t\t\t\t<div class=\"elementor-background-overlay\"><\/div>\n\t\t\t\t\t\t\t<div class=\"elementor-container elementor-column-gap-default\">\n\t\t\t\t\t<div class=\"elementor-column elementor-col-100 elementor-top-column elementor-element elementor-element-54f63945\" data-id=\"54f63945\" data-element_type=\"column\">\n\t\t\t<div class=\"elementor-widget-wrap elementor-element-populated\">\n\t\t\t\t\t\t<div class=\"elementor-element elementor-element-700b554b elementor-widget elementor-widget-heading\" data-id=\"700b554b\" data-element_type=\"widget\" data-widget_type=\"heading.default\">\n\t\t\t\t<div class=\"elementor-widget-container\">\n\t\t\t\t\t<h2 class=\"elementor-heading-title elementor-size-default\">Informations utiles et droits suppl\u00e9mentaires<\/h2>\t\t\t\t<\/div>\n\t\t\t\t<\/div>\n\t\t\t\t<div class=\"elementor-element elementor-element-349881e0 elementor-widget elementor-widget-text-editor\" data-id=\"349881e0\" data-element_type=\"widget\" data-widget_type=\"text-editor.default\">\n\t\t\t\t<div class=\"elementor-widget-container\">\n\t\t\t\t\t\t\t\t\t<p>Alors que chez \u00ab\u00a0Lamenam\u00a0\u00bb, nous nous effor\u00e7ons de rendre uniquement les services m\u00e9dicaux accessibles, les survivants de l\u2019Holocauste en Isra\u00ebl ont droit \u00e0 un large \u00e9ventail de services suppl\u00e9mentaires accord\u00e9s par l\u2019\u00c9tat et diverses organisations \u00e0 but non lucratif.<br \/>Dans chaque commune, le bureau local d&rsquo;aide sociale est charg\u00e9 de fournir des services et une assistance aux survivants de l&rsquo;Holocauste qui vivent dans la ville. Nous vous recommandons donc de les contacter pour toute question. Les moyens appropri\u00e9s de les contacter sont disponibles sur le site Internet de la commune. <\/p>\n\t\t\t\t\t\t\t\t<\/div>\n\t\t\t\t<\/div>\n\t\t\t\t<div class=\"elementor-element elementor-element-2df3a4aa elementor-widget elementor-widget-heading\" data-id=\"2df3a4aa\" data-element_type=\"widget\" data-widget_type=\"heading.default\">\n\t\t\t\t<div class=\"elementor-widget-container\">\n\t\t\t\t\t<h2 class=\"elementor-heading-title elementor-size-default\">Vous pouvez \u00e9galement contacter diverses associations et organismes :<\/h2>\t\t\t\t<\/div>\n\t\t\t\t<\/div>\n\t\t\t\t<div class=\"elementor-element elementor-element-a7feaeb elementor-grid-mobile-2 elementor-grid-3 elementor-grid-tablet-2 elementor-widget elementor-widget-pp-logo-grid\" data-id=\"a7feaeb\" data-element_type=\"widget\" data-widget_type=\"pp-logo-grid.default\">\n\t\t\t\t<div class=\"elementor-widget-container\">\n\t\t\t\t\t\t\t<div class=\"pp-logo-grid elementor-grid\">\n\t\t\t\t\t\t\t\t<div class=\"elementor-grid-item elementor-repeater-item-18b071c\">\n\t\t\t\t\t\t<div class=\"pp-logo-wrap\">\n\t\t\t\t\t\t\t\t\t\t\t\t\t<a href=\"https:\/\/www.holocaust-s.org\/\" target=\"_blank\">\n\t\t\t\t\t\t\t<img decoding=\"async\" src=\"https:\/\/lemaanam.org.il\/wp-content\/uploads\/2024\/01\/\u05de\u05e8\u05db\u05d6-\u05d0\u05d9\u05e8\u05d2\u05d5\u05e0\u05d9\u05dd.png\" alt=\"\u05de\u05e8\u05db\u05d6 \u05d0\u05d9\u05e8\u05d2\u05d5\u05e0\u05d9\u05dd\" \/>\t\t\t\t\t\t\t<\/a>\n\t\t\t\t\t\t\t\t\t\t\t\t\t<\/div>\n\t\t\t\t\t\t\t\t\t\t\t<\/div>\n\t\t\t\t\t\t\t\t\t\t<div class=\"elementor-grid-item elementor-repeater-item-9813761\">\n\t\t\t\t\t\t<div class=\"pp-logo-wrap\">\n\t\t\t\t\t\t\t\t\t\t\t\t\t<a href=\"https:\/\/www.gov.il\/he\/departments\/holocaust-survivors-rights\/govil-landing-page\" target=\"_blank\">\n\t\t\t\t\t\t\t<img decoding=\"async\" src=\"https:\/\/lemaanam.org.il\/wp-content\/uploads\/2024\/01\/\u05e9\u05d5\u05e8.png\" alt=\"\u05e9\u05d5\u05e8\" \/>\t\t\t\t\t\t\t<\/a>\n\t\t\t\t\t\t\t\t\t\t\t\t\t<\/div>\n\t\t\t\t\t\t\t\t\t\t\t<\/div>\n\t\t\t\t\t\t\t\t\t\t<div class=\"elementor-grid-item elementor-repeater-item-d3df6d6\">\n\t\t\t\t\t\t<div class=\"pp-logo-wrap\">\n\t\t\t\t\t\t\t\t\t\t\t\t\t<a href=\"https:\/\/www.k-shoa.org\/?gclid=CjwKCAiA-vOsBhAAEiwAIWR0TeA8Cp2jKQzx0qPFiPy8xAJJL-URc8QX_lZYtmNf5JoBezhpC8rEVxoCWbQQAvD_BwE\" target=\"_blank\">\n\t\t\t\t\t\t\t<img decoding=\"async\" src=\"https:\/\/lemaanam.org.il\/wp-content\/uploads\/2024\/01\/\u05e8\u05d5\u05d5\u05d7\u05ea.png\" alt=\"\u05e8\u05d5\u05d5\u05d7\u05ea\" \/>\t\t\t\t\t\t\t<\/a>\n\t\t\t\t\t\t\t\t\t\t\t\t\t<\/div>\n\t\t\t\t\t\t\t\t\t\t\t<\/div>\n\t\t\t\t\t\t\t\t\t\t<div class=\"elementor-grid-item elementor-repeater-item-1e60501\">\n\t\t\t\t\t\t<div class=\"pp-logo-wrap\">\n\t\t\t\t\t\t\t\t\t\t\t\t\t<a href=\"https:\/\/www.elah.org.il\/\" target=\"_blank\">\n\t\t\t\t\t\t\t<img decoding=\"async\" src=\"https:\/\/lemaanam.org.il\/wp-content\/uploads\/2024\/01\/\u05d0\u05dc\u05d4.png\" alt=\"\u05d0\u05dc\u05d4\" \/>\t\t\t\t\t\t\t<\/a>\n\t\t\t\t\t\t\t\t\t\t\t\t\t<\/div>\n\t\t\t\t\t\t\t\t\t\t\t<\/div>\n\t\t\t\t\t\t\t\t\t\t<div class=\"elementor-grid-item elementor-repeater-item-e73ee1d\">\n\t\t\t\t\t\t<div class=\"pp-logo-wrap\">\n\t\t\t\t\t\t\t\t\t\t\t\t\t<a href=\"https:\/\/www.avivshoa.co.il\/\" target=\"_blank\">\n\t\t\t\t\t\t\t<img decoding=\"async\" src=\"https:\/\/lemaanam.org.il\/wp-content\/uploads\/2024\/01\/\u05d0\u05d1\u05d9\u05d1.png\" alt=\"\u05d0\u05d1\u05d9\u05d1\" \/>\t\t\t\t\t\t\t<\/a>\n\t\t\t\t\t\t\t\t\t\t\t\t\t<\/div>\n\t\t\t\t\t\t\t\t\t\t\t<\/div>\n\t\t\t\t\t\t\t\t\t\t<div class=\"elementor-grid-item elementor-repeater-item-798d012\">\n\t\t\t\t\t\t<div class=\"pp-logo-wrap\">\n\t\t\t\t\t\t\t\t\t\t\t\t\t<a href=\"https:\/\/www.amcha.org\/\" target=\"_blank\">\n\t\t\t\t\t\t\t<img decoding=\"async\" src=\"https:\/\/lemaanam.org.il\/wp-content\/uploads\/2024\/01\/\u05e2\u05de\u05da.png\" alt=\"\u05e2\u05de\u05da\" \/>\t\t\t\t\t\t\t<\/a>\n\t\t\t\t\t\t\t\t\t\t\t\t\t<\/div>\n\t\t\t\t\t\t\t\t\t\t\t<\/div>\n\t\t\t\t\t\t\t\t\t\t<div class=\"elementor-grid-item elementor-repeater-item-d10705e\">\n\t\t\t\t\t\t<div class=\"pp-logo-wrap\">\n\t\t\t\t\t\t\t\t\t\t\t\t\t<a href=\"https:\/\/www.latet.org.il\/he\/\" target=\"_blank\">\n\t\t\t\t\t\t\t<img decoding=\"async\" src=\"https:\/\/lemaanam.org.il\/wp-content\/uploads\/2024\/01\/\u05dc\u05ea\u05ea.png\" alt=\"\u05dc\u05ea\u05ea\" \/>\t\t\t\t\t\t\t<\/a>\n\t\t\t\t\t\t\t\t\t\t\t\t\t<\/div>\n\t\t\t\t\t\t\t\t\t\t\t<\/div>\n\t\t\t\t\t\t\t\t\t\t<div class=\"elementor-grid-item elementor-repeater-item-183e18a\">\n\t\t\t\t\t\t<div class=\"pp-logo-wrap\">\n\t\t\t\t\t\t\t\t\t\t\t\t\t<a href=\"https:\/\/www.zikaronbasalon.com\/\" target=\"_blank\">\n\t\t\t\t\t\t\t<img decoding=\"async\" src=\"https:\/\/lemaanam.org.il\/wp-content\/uploads\/2024\/01\/\u05d6\u05db\u05e8\u05d5\u05df.png\" alt=\"\u05d6\u05db\u05e8\u05d5\u05df\" \/>\t\t\t\t\t\t\t<\/a>\n\t\t\t\t\t\t\t\t\t\t\t\t\t<\/div>\n\t\t\t\t\t\t\t\t\t\t\t<\/div>\n\t\t\t\t\t\t\t\t\t\t<div class=\"elementor-grid-item elementor-repeater-item-a6428ca\">\n\t\t\t\t\t\t<div class=\"pp-logo-wrap\">\n\t\t\t\t\t\t\t\t\t\t\t\t\t<a href=\"https:\/\/www.kolzchut.org.il\/he\/%D7%96%D7%9B%D7%95%D7%99%D7%95%D7%AA_%D7%A0%D7%99%D7%A6%D7%95%D7%9C%D7%99_%D7%A9%D7%95%D7%90%D7%94\" target=\"_blank\">\n\t\t\t\t\t\t\t<img decoding=\"async\" src=\"https:\/\/lemaanam.org.il\/wp-content\/uploads\/2024\/01\/\u05db\u05dc-\u05d6\u05db\u05d5\u05ea.png\" alt=\"\u05db\u05dc \u05d6\u05db\u05d5\u05ea\" \/>\t\t\t\t\t\t\t<\/a>\n\t\t\t\t\t\t\t\t\t\t\t\t\t<\/div>\n\t\t\t\t\t\t\t\t\t\t\t<\/div>\n\t\t\t\t\t\t\t<\/div>\n\t\t\t\t\t\t<\/div>\n\t\t\t\t<\/div>\n\t\t\t\t\t<\/div>\n\t\t<\/div>\n\t\t\t\t\t<\/div>\n\t\t<\/section>\n\t\t\t\t<\/div>\n\t\t","protected":false},"excerpt":{"rendered":"<p>Informations utiles et droits Informations utiles et droits suppl\u00e9mentaires Alors que chez \u00ab\u00a0Lamenam\u00a0\u00bb, nous nous effor\u00e7ons de rendre uniquement les services m\u00e9dicaux accessibles, les survivants de l\u2019Holocauste en Isra\u00ebl ont droit \u00e0 un large \u00e9ventail de services suppl\u00e9mentaires accord\u00e9s par l\u2019\u00c9tat et diverses organisations \u00e0 but non lucratif.Dans chaque commune, le bureau local d&rsquo;aide sociale [&hellip;]<\/p>\n","protected":false},"author":2,"featured_media":0,"parent":0,"menu_order":0,"comment_status":"closed","ping_status":"closed","template":"","meta":{"site-sidebar-layout":"no-sidebar","site-content-layout":"page-builder","ast-site-content-layout":"full-width-container","site-content-style":"default","site-sidebar-style":"default","ast-global-header-display":"","ast-banner-title-visibility":"","ast-main-header-display":"","ast-hfb-above-header-display":"","ast-hfb-below-header-display":"","ast-hfb-mobile-header-display":"","site-post-title":"disabled","ast-breadcrumbs-content":"","ast-featured-img":"disabled","footer-sml-layout":"","theme-transparent-header-meta":"","adv-header-id-meta":"","stick-header-meta":"","header-above-stick-meta":"","header-main-stick-meta":"","header-below-stick-meta":"","astra-migrate-meta-layouts":"default","ast-page-background-enabled":"default","ast-page-background-meta":{"desktop":{"background-color":"","background-image":"","background-repeat":"repeat","background-position":"center center","background-size":"auto","background-attachment":"scroll","background-type":"","background-media":"","overlay-type":"","overlay-color":"","overlay-opacity":"","overlay-gradient":""},"tablet":{"background-color":"","background-image":"","background-repeat":"repeat","background-position":"center center","background-size":"auto","background-attachment":"scroll","background-type":"","background-media":"","overlay-type":"","overlay-color":"","overlay-opacity":"","overlay-gradient":""},"mobile":{"background-color":"","background-image":"","background-repeat":"repeat","background-position":"center center","background-size":"auto","background-attachment":"scroll","background-type":"","background-media":"","overlay-type":"","overlay-color":"","overlay-opacity":"","overlay-gradient":""}},"ast-content-background-meta":{"desktop":{"background-color":"var(--ast-global-color-5)","background-image":"","background-repeat":"repeat","background-position":"center center","background-size":"auto","background-attachment":"scroll","background-type":"","background-media":"","overlay-type":"","overlay-color":"","overlay-opacity":"","overlay-gradient":""},"tablet":{"background-color":"var(--ast-global-color-5)","background-image":"","background-repeat":"repeat","background-position":"center center","background-size":"auto","background-attachment":"scroll","background-type":"","background-media":"","overlay-type":"","overlay-color":"","overlay-opacity":"","overlay-gradient":""},"mobile":{"background-color":"var(--ast-global-color-5)","background-image":"","background-repeat":"repeat","background-position":"center center","background-size":"auto","background-attachment":"scroll","background-type":"","background-media":"","overlay-type":"","overlay-color":"","overlay-opacity":"","overlay-gradient":""}},"iawp_total_views":5,"footnotes":""},"yst_prominent_words":[],"class_list":["post-3296","page","type-page","status-publish","hentry"],"yoast_head":"<!-- This site is optimized with the Yoast SEO Premium plugin v14.0.4 - https:\/\/yoast.com\/wordpress\/plugins\/seo\/ -->\n<title>Informations utiles et droits \u05e9\u05d5\u05e8\u05d3\u05d9 \u05e9\u05d5\u05d0\u05d4 - \u05dc\u05de\u05e2\u05e0\u05dd - \u05e8\u05d5\u05e4\u05d0\u05d5\u05ea \u05d5\u05e8\u05d5\u05e4\u05d0\u05d9\u05dd \u05dc\u05de\u05e2\u05df \u05e9\u05d5\u05e8\u05d3\u05d9 \u05e9\u05d5\u05d0\u05d4<\/title>\n<meta name=\"description\" content=\"Informations utiles et droits suppl\u00e9mentairesAlors que chez &quot;Lamenam&quot;, nous nous effor\u00e7ons de rendre uniquement les services m\u00e9dicaux accessibles, les survivants de l\u2019Holocauste en Isra\u00ebl ont droit \u00e0 un large \u00e9ventail de services suppl\u00e9mentaires accord\u00e9s par l\u2019\u00c9tat et diverses organisations \u00e0 but non lucratif.\" \/>\n<meta name=\"robots\" content=\"index, follow\" \/>\n<meta name=\"googlebot\" content=\"index, follow, max-snippet:-1, max-image-preview:large, max-video-preview:-1\" \/>\n<meta name=\"bingbot\" content=\"index, follow, max-snippet:-1, max-image-preview:large, max-video-preview:-1\" \/>\n<link rel=\"canonical\" href=\"https:\/\/lemaanam.org.il\/fr\/informations-utiles-et-droits\/\" \/>\n<meta property=\"og:locale\" content=\"fr_FR\" \/>\n<meta property=\"og:type\" content=\"article\" \/>\n<meta property=\"og:title\" content=\"Informations utiles et droits \u05e9\u05d5\u05e8\u05d3\u05d9 \u05e9\u05d5\u05d0\u05d4 - \u05dc\u05de\u05e2\u05e0\u05dd - \u05e8\u05d5\u05e4\u05d0\u05d5\u05ea \u05d5\u05e8\u05d5\u05e4\u05d0\u05d9\u05dd \u05dc\u05de\u05e2\u05df \u05e9\u05d5\u05e8\u05d3\u05d9 \u05e9\u05d5\u05d0\u05d4\" \/>\n<meta property=\"og:description\" content=\"Informations utiles et droits suppl\u00e9mentairesAlors que chez &quot;Lamenam&quot;, nous nous effor\u00e7ons de rendre uniquement les services m\u00e9dicaux accessibles, les survivants de l\u2019Holocauste en Isra\u00ebl ont droit \u00e0 un large \u00e9ventail de services suppl\u00e9mentaires accord\u00e9s par l\u2019\u00c9tat et diverses organisations \u00e0 but non lucratif.\" \/>\n<meta property=\"og:url\" content=\"https:\/\/lemaanam.org.il\/fr\/informations-utiles-et-droits\/\" \/>\n<meta property=\"og:site_name\" content=\"\u05dc\u05de\u05e2\u05e0\u05dd - \u05e8\u05d5\u05e4\u05d0\u05d5\u05ea \u05d5\u05e8\u05d5\u05e4\u05d0\u05d9\u05dd \u05dc\u05de\u05e2\u05df \u05e9\u05d5\u05e8\u05d3\u05d9 \u05e9\u05d5\u05d0\u05d4\" \/>\n<meta property=\"article:modified_time\" content=\"2024-10-09T10:05:09+00:00\" \/>\n<meta property=\"og:image\" content=\"https:\/\/lemaanam.org.il\/wp-content\/uploads\/2024\/01\/\u05de\u05e8\u05db\u05d6-\u05d0\u05d9\u05e8\u05d2\u05d5\u05e0\u05d9\u05dd.png\" \/>\n<meta name=\"twitter:card\" content=\"summary_large_image\" \/>\n<script type=\"application\/ld+json\" class=\"yoast-schema-graph\">{\"@context\":\"https:\/\/schema.org\",\"@graph\":[{\"@type\":\"WebSite\",\"@id\":\"https:\/\/lemaanam.org.il\/fr\/#website\",\"url\":\"https:\/\/lemaanam.org.il\/fr\/\",\"name\":\"\\u05dc\\u05de\\u05e2\\u05e0\\u05dd - \\u05e8\\u05d5\\u05e4\\u05d0\\u05d5\\u05ea \\u05d5\\u05e8\\u05d5\\u05e4\\u05d0\\u05d9\\u05dd \\u05dc\\u05de\\u05e2\\u05df \\u05e9\\u05d5\\u05e8\\u05d3\\u05d9 \\u05e9\\u05d5\\u05d0\\u05d4\",\"description\":\"\\u05dc\\u05de\\u05e2\\u05e0\\u05dd - \\u05e8\\u05d5\\u05e4\\u05d0\\u05d5\\u05ea \\u05d5\\u05e8\\u05d5\\u05e4\\u05d0\\u05d9\\u05dd \\u05dc\\u05de\\u05e2\\u05df \\u05e9\\u05d5\\u05e8\\u05d3\\u05d9 \\u05d4\\u05e9\\u05d5\\u05d0\\u05d4\",\"potentialAction\":[{\"@type\":\"SearchAction\",\"target\":\"https:\/\/lemaanam.org.il\/fr\/?s={search_term_string}\",\"query-input\":\"required name=search_term_string\"}],\"inLanguage\":\"fr-FR\"},{\"@type\":\"ImageObject\",\"@id\":\"https:\/\/lemaanam.org.il\/fr\/informations-utiles-et-droits\/#primaryimage\",\"inLanguage\":\"fr-FR\",\"url\":\"https:\/\/lemaanam.org.il\/wp-content\/uploads\/2024\/01\/\\u05de\\u05e8\\u05db\\u05d6-\\u05d0\\u05d9\\u05e8\\u05d2\\u05d5\\u05e0\\u05d9\\u05dd.png\",\"width\":2098,\"height\":2098},{\"@type\":\"WebPage\",\"@id\":\"https:\/\/lemaanam.org.il\/fr\/informations-utiles-et-droits\/#webpage\",\"url\":\"https:\/\/lemaanam.org.il\/fr\/informations-utiles-et-droits\/\",\"name\":\"Informations utiles et droits \\u05e9\\u05d5\\u05e8\\u05d3\\u05d9 \\u05e9\\u05d5\\u05d0\\u05d4 - \\u05dc\\u05de\\u05e2\\u05e0\\u05dd - \\u05e8\\u05d5\\u05e4\\u05d0\\u05d5\\u05ea \\u05d5\\u05e8\\u05d5\\u05e4\\u05d0\\u05d9\\u05dd \\u05dc\\u05de\\u05e2\\u05df \\u05e9\\u05d5\\u05e8\\u05d3\\u05d9 \\u05e9\\u05d5\\u05d0\\u05d4\",\"isPartOf\":{\"@id\":\"https:\/\/lemaanam.org.il\/fr\/#website\"},\"primaryImageOfPage\":{\"@id\":\"https:\/\/lemaanam.org.il\/fr\/informations-utiles-et-droits\/#primaryimage\"},\"datePublished\":\"2023-12-14T06:46:53+00:00\",\"dateModified\":\"2024-10-09T10:05:09+00:00\",\"description\":\"Informations utiles et droits suppl\\u00e9mentairesAlors que chez \\\"Lamenam\\\", nous nous effor\\u00e7ons de rendre uniquement les services m\\u00e9dicaux accessibles, les survivants de l\\u2019Holocauste en Isra\\u00ebl ont droit \\u00e0 un large \\u00e9ventail de services suppl\\u00e9mentaires accord\\u00e9s par l\\u2019\\u00c9tat et diverses organisations \\u00e0 but non lucratif.\",\"inLanguage\":\"fr-FR\",\"potentialAction\":[{\"@type\":\"ReadAction\",\"target\":[\"https:\/\/lemaanam.org.il\/fr\/informations-utiles-et-droits\/\"]}]}]}<\/script>\n<!-- \/ Yoast SEO Premium plugin. -->","_links":{"self":[{"href":"https:\/\/lemaanam.org.il\/fr\/wp-json\/wp\/v2\/pages\/3296","targetHints":{"allow":["GET"]}}],"collection":[{"href":"https:\/\/lemaanam.org.il\/fr\/wp-json\/wp\/v2\/pages"}],"about":[{"href":"https:\/\/lemaanam.org.il\/fr\/wp-json\/wp\/v2\/types\/page"}],"author":[{"embeddable":true,"href":"https:\/\/lemaanam.org.il\/fr\/wp-json\/wp\/v2\/users\/2"}],"replies":[{"embeddable":true,"href":"https:\/\/lemaanam.org.il\/fr\/wp-json\/wp\/v2\/comments?post=3296"}],"version-history":[{"count":1,"href":"https:\/\/lemaanam.org.il\/fr\/wp-json\/wp\/v2\/pages\/3296\/revisions"}],"predecessor-version":[{"id":3317,"href":"https:\/\/lemaanam.org.il\/fr\/wp-json\/wp\/v2\/pages\/3296\/revisions\/3317"}],"wp:attachment":[{"href":"https:\/\/lemaanam.org.il\/fr\/wp-json\/wp\/v2\/media?parent=3296"}],"wp:term":[{"taxonomy":"yst_prominent_words","embeddable":true,"href":"https:\/\/lemaanam.org.il\/fr\/wp-json\/wp\/v2\/yst_prominent_words?post=3296"}],"curies":[{"name":"wp","href":"https:\/\/api.w.org\/{rel}","templated":true}]}}