{"id":3324,"date":"2017-09-14T10:44:01","date_gmt":"2017-09-14T10:44:01","guid":{"rendered":"https:\/\/lemaanam.org.il\/dons\/"},"modified":"2024-10-09T14:20:05","modified_gmt":"2024-10-09T14:20:05","slug":"dons","status":"publish","type":"page","link":"https:\/\/lemaanam.org.il\/fr\/dons\/","title":{"rendered":"Dons"},"content":{"rendered":"\t\t<div data-elementor-type=\"wp-post\" data-elementor-id=\"3324\" class=\"elementor elementor-3324 elementor-14\" data-elementor-post-type=\"page\">\n\t\t\t\t\t\t<section class=\"elementor-section elementor-top-section elementor-element elementor-element-c2a3bc8 elementor-section-boxed elementor-section-height-default elementor-section-height-default\" data-id=\"c2a3bc8\" data-element_type=\"section\" data-settings=\"{&quot;background_background&quot;:&quot;classic&quot;}\">\n\t\t\t\t\t\t\t<div class=\"elementor-background-overlay\"><\/div>\n\t\t\t\t\t\t\t<div class=\"elementor-container elementor-column-gap-no\">\n\t\t\t\t\t<div class=\"elementor-column elementor-col-100 elementor-top-column elementor-element elementor-element-26c71c5\" data-id=\"26c71c5\" data-element_type=\"column\">\n\t\t\t<div class=\"elementor-widget-wrap elementor-element-populated\">\n\t\t\t\t\t\t<div class=\"elementor-element elementor-element-f23a1e2 elementor-widget elementor-widget-heading\" data-id=\"f23a1e2\" data-element_type=\"widget\" data-widget_type=\"heading.default\">\n\t\t\t\t<div class=\"elementor-widget-container\">\n\t\t\t\t\t<h1 class=\"elementor-heading-title elementor-size-default\">Dons<\/h1>\t\t\t\t<\/div>\n\t\t\t\t<\/div>\n\t\t\t\t\t<\/div>\n\t\t<\/div>\n\t\t\t\t\t<\/div>\n\t\t<\/section>\n\t\t\t\t<section class=\"elementor-section elementor-top-section elementor-element elementor-element-384a05a elementor-section-boxed elementor-section-height-default elementor-section-height-default\" data-id=\"384a05a\" data-element_type=\"section\">\n\t\t\t\t\t\t<div class=\"elementor-container elementor-column-gap-default\">\n\t\t\t\t\t<div class=\"elementor-column elementor-col-50 elementor-top-column elementor-element elementor-element-cfaef49\" data-id=\"cfaef49\" data-element_type=\"column\">\n\t\t\t<div class=\"elementor-widget-wrap\">\n\t\t\t\t\t\t\t<\/div>\n\t\t<\/div>\n\t\t\t\t<div class=\"elementor-column elementor-col-50 elementor-top-column elementor-element elementor-element-8a8e8a2\" data-id=\"8a8e8a2\" data-element_type=\"column\">\n\t\t\t<div class=\"elementor-widget-wrap\">\n\t\t\t\t\t\t\t<\/div>\n\t\t<\/div>\n\t\t\t\t\t<\/div>\n\t\t<\/section>\n\t\t\t\t<section class=\"elementor-section elementor-top-section elementor-element elementor-element-b91676a elementor-section-boxed elementor-section-height-default elementor-section-height-default\" data-id=\"b91676a\" data-element_type=\"section\">\n\t\t\t\t\t\t<div class=\"elementor-container elementor-column-gap-default\">\n\t\t\t\t\t<div class=\"elementor-column elementor-col-100 elementor-top-column elementor-element elementor-element-daf32e2\" data-id=\"daf32e2\" data-element_type=\"column\">\n\t\t\t<div class=\"elementor-widget-wrap elementor-element-populated\">\n\t\t\t\t\t\t<div class=\"elementor-element elementor-element-073f7fc elementor-widget elementor-widget-heading\" data-id=\"073f7fc\" data-element_type=\"widget\" data-widget_type=\"heading.default\">\n\t\t\t\t<div class=\"elementor-widget-container\">\n\t\t\t\t\t<h2 class=\"elementor-heading-title elementor-size-default\">Comment pouvez-vous nous faire un don ?<\/h2>\t\t\t\t<\/div>\n\t\t\t\t<\/div>\n\t\t\t\t\t<\/div>\n\t\t<\/div>\n\t\t\t\t\t<\/div>\n\t\t<\/section>\n\t\t\t\t<section class=\"elementor-section elementor-top-section elementor-element elementor-element-a263132 elementor-section-full_width elementor-section-height-default elementor-section-height-default\" data-id=\"a263132\" data-element_type=\"section\">\n\t\t\t\t\t\t<div class=\"elementor-container elementor-column-gap-default\">\n\t\t\t\t\t<div class=\"elementor-column elementor-col-50 elementor-top-column elementor-element elementor-element-cc686b1\" data-id=\"cc686b1\" data-element_type=\"column\">\n\t\t\t<div class=\"elementor-widget-wrap elementor-element-populated\">\n\t\t\t\t\t\t<section class=\"elementor-section elementor-inner-section elementor-element elementor-element-d1df5be elementor-section-boxed elementor-section-height-default elementor-section-height-default\" data-id=\"d1df5be\" data-element_type=\"section\">\n\t\t\t\t\t\t<div class=\"elementor-container elementor-column-gap-default\">\n\t\t\t\t\t<div class=\"elementor-column elementor-col-50 elementor-inner-column elementor-element elementor-element-5203b49\" data-id=\"5203b49\" data-element_type=\"column\">\n\t\t\t<div class=\"elementor-widget-wrap elementor-element-populated\">\n\t\t\t\t\t\t<div class=\"elementor-element elementor-element-387c297 elementor-widget elementor-widget-image\" data-id=\"387c297\" data-element_type=\"widget\" data-widget_type=\"image.default\">\n\t\t\t\t<div class=\"elementor-widget-container\">\n\t\t\t\t\t\t\t\t\t\t\t\t\t\t\t\t<a href=\"https:\/\/www.jgive.com\/new\/he\/ils\/collect\/donation-targets\/69377\/amount\" target=\"_blank\">\n\t\t\t\t\t\t\t<img fetchpriority=\"high\" decoding=\"async\" width=\"500\" height=\"500\" src=\"https:\/\/lemaanam.org.il\/wp-content\/uploads\/2024\/01\/\u05d2\u05d9\u05d1.png\" class=\"attachment-large size-large wp-image-3326\" alt=\"\" srcset=\"https:\/\/lemaanam.org.il\/wp-content\/uploads\/2024\/01\/\u05d2\u05d9\u05d1.png 500w, https:\/\/lemaanam.org.il\/wp-content\/uploads\/2024\/01\/\u05d2\u05d9\u05d1-300x300.png 300w, https:\/\/lemaanam.org.il\/wp-content\/uploads\/2024\/01\/\u05d2\u05d9\u05d1-150x150.png 150w\" sizes=\"(max-width: 500px) 100vw, 500px\" \/>\t\t\t\t\t\t\t\t<\/a>\n\t\t\t\t\t\t\t\t\t\t\t\t\t\t\t<\/div>\n\t\t\t\t<\/div>\n\t\t\t\t\t<\/div>\n\t\t<\/div>\n\t\t\t\t<div class=\"elementor-column elementor-col-50 elementor-inner-column elementor-element elementor-element-14aa56f\" data-id=\"14aa56f\" data-element_type=\"column\">\n\t\t\t<div class=\"elementor-widget-wrap elementor-element-populated\">\n\t\t\t\t\t\t<div class=\"elementor-element elementor-element-c14ae3d elementor-widget elementor-widget-heading\" data-id=\"c14ae3d\" data-element_type=\"widget\" data-widget_type=\"heading.default\">\n\t\t\t\t<div class=\"elementor-widget-container\">\n\t\t\t\t\t<h2 class=\"elementor-heading-title elementor-size-default\">JGive<\/h2>\t\t\t\t<\/div>\n\t\t\t\t<\/div>\n\t\t\t\t<div class=\"elementor-element elementor-element-c3324e2 elementor-widget elementor-widget-text-editor\" data-id=\"c3324e2\" data-element_type=\"widget\" data-widget_type=\"text-editor.default\">\n\t\t\t\t<div class=\"elementor-widget-container\">\n\t\t\t\t\t\t\t\t\t<p>Un syst\u00e8me s\u00e9curis\u00e9 avec plusieurs options pour faire un don,<\/p>\n\t\t\t\t\t\t\t\t<\/div>\n\t\t\t\t<\/div>\n\t\t\t\t<div class=\"elementor-element elementor-element-2719004 elementor-align-justify elementor-mobile-align-center elementor-widget elementor-widget-button\" data-id=\"2719004\" data-element_type=\"widget\" data-widget_type=\"button.default\">\n\t\t\t\t<div class=\"elementor-widget-container\">\n\t\t\t\t\t\t\t\t\t<div class=\"elementor-button-wrapper\">\n\t\t\t\t\t<a class=\"elementor-button elementor-button-link elementor-size-sm elementor-animation-grow\" href=\"https:\/\/www.jgive.com\/new\/he\/ils\/collect\/donation-targets\/69377\/amount\" target=\"_blank\">\n\t\t\t\t\t\t<span class=\"elementor-button-content-wrapper\">\n\t\t\t\t\t\t\t\t\t<span class=\"elementor-button-text\">Faire un don<\/span>\n\t\t\t\t\t<\/span>\n\t\t\t\t\t<\/a>\n\t\t\t\t<\/div>\n\t\t\t\t\t\t\t\t<\/div>\n\t\t\t\t<\/div>\n\t\t\t\t\t<\/div>\n\t\t<\/div>\n\t\t\t\t\t<\/div>\n\t\t<\/section>\n\t\t\t\t\t<\/div>\n\t\t<\/div>\n\t\t\t\t<div class=\"elementor-column elementor-col-50 elementor-top-column elementor-element elementor-element-2413c16\" data-id=\"2413c16\" data-element_type=\"column\">\n\t\t\t<div class=\"elementor-widget-wrap elementor-element-populated\">\n\t\t\t\t\t\t<section class=\"elementor-section elementor-inner-section elementor-element elementor-element-a9809b3 elementor-section-boxed elementor-section-height-default elementor-section-height-default\" data-id=\"a9809b3\" data-element_type=\"section\">\n\t\t\t\t\t\t<div class=\"elementor-container elementor-column-gap-default\">\n\t\t\t\t\t<div class=\"elementor-column elementor-col-50 elementor-inner-column elementor-element elementor-element-bc65b86\" data-id=\"bc65b86\" data-element_type=\"column\">\n\t\t\t<div class=\"elementor-widget-wrap elementor-element-populated\">\n\t\t\t\t\t\t<div class=\"elementor-element elementor-element-feb6c5d elementor-widget elementor-widget-image\" data-id=\"feb6c5d\" data-element_type=\"widget\" data-widget_type=\"image.default\">\n\t\t\t\t<div class=\"elementor-widget-container\">\n\t\t\t\t\t\t\t\t\t\t\t\t\t\t\t\t<a href=\"https:\/\/www.igul.org.il\/amutot\/lemaanam\/\" target=\"_blank\">\n\t\t\t\t\t\t\t<img decoding=\"async\" width=\"500\" height=\"500\" src=\"https:\/\/lemaanam.org.il\/wp-content\/uploads\/2024\/01\/\u05e2\u05d9\u05d2\u05d5\u05dc.png\" class=\"attachment-large size-large wp-image-3329\" alt=\"\" srcset=\"https:\/\/lemaanam.org.il\/wp-content\/uploads\/2024\/01\/\u05e2\u05d9\u05d2\u05d5\u05dc.png 500w, https:\/\/lemaanam.org.il\/wp-content\/uploads\/2024\/01\/\u05e2\u05d9\u05d2\u05d5\u05dc-300x300.png 300w, https:\/\/lemaanam.org.il\/wp-content\/uploads\/2024\/01\/\u05e2\u05d9\u05d2\u05d5\u05dc-150x150.png 150w\" sizes=\"(max-width: 500px) 100vw, 500px\" \/>\t\t\t\t\t\t\t\t<\/a>\n\t\t\t\t\t\t\t\t\t\t\t\t\t\t\t<\/div>\n\t\t\t\t<\/div>\n\t\t\t\t\t<\/div>\n\t\t<\/div>\n\t\t\t\t<div class=\"elementor-column elementor-col-50 elementor-inner-column elementor-element elementor-element-43bfb40\" data-id=\"43bfb40\" data-element_type=\"column\">\n\t\t\t<div class=\"elementor-widget-wrap elementor-element-populated\">\n\t\t\t\t\t\t<div class=\"elementor-element elementor-element-001b8d7 elementor-widget elementor-widget-heading\" data-id=\"001b8d7\" data-element_type=\"widget\" data-widget_type=\"heading.default\">\n\t\t\t\t<div class=\"elementor-widget-container\">\n\t\t\t\t\t<h2 class=\"elementor-heading-title elementor-size-default\">\u00ab Igul LeTova \u00bb (Rassemblement pour la charit\u00e9)<\/h2>\t\t\t\t<\/div>\n\t\t\t\t<\/div>\n\t\t\t\t<div class=\"elementor-element elementor-element-1cd9093 elementor-widget elementor-widget-text-editor\" data-id=\"1cd9093\" data-element_type=\"widget\" data-widget_type=\"text-editor.default\">\n\t\t\t\t<div class=\"elementor-widget-container\">\n\t\t\t\t\t\t\t\t\t<p>Avez-vous pay\u00e9 en carte de cr\u00e9dit ? Le montant de l&rsquo;achat sera arrondi au montant sup\u00e9rieur et les <strong>agourot<\/strong> seront revers\u00e9s \u00e0 notre cause. <\/p>\n\t\t\t\t\t\t\t\t<\/div>\n\t\t\t\t<\/div>\n\t\t\t\t<div class=\"elementor-element elementor-element-9ca99d5 elementor-align-justify elementor-mobile-align-center elementor-widget elementor-widget-button\" data-id=\"9ca99d5\" data-element_type=\"widget\" data-widget_type=\"button.default\">\n\t\t\t\t<div class=\"elementor-widget-container\">\n\t\t\t\t\t\t\t\t\t<div class=\"elementor-button-wrapper\">\n\t\t\t\t\t<a class=\"elementor-button elementor-button-link elementor-size-sm elementor-animation-grow\" href=\"https:\/\/lemaanam.org.il\/%d7%a2%d7%99%d7%92%d7%95%d7%9c-%d7%9c%d7%98%d7%95%d7%91%d7%94\/\" target=\"_blank\">\n\t\t\t\t\t\t<span class=\"elementor-button-content-wrapper\">\n\t\t\t\t\t\t\t\t\t<span class=\"elementor-button-text\">Faire un don<\/span>\n\t\t\t\t\t<\/span>\n\t\t\t\t\t<\/a>\n\t\t\t\t<\/div>\n\t\t\t\t\t\t\t\t<\/div>\n\t\t\t\t<\/div>\n\t\t\t\t\t<\/div>\n\t\t<\/div>\n\t\t\t\t\t<\/div>\n\t\t<\/section>\n\t\t\t\t\t<\/div>\n\t\t<\/div>\n\t\t\t\t\t<\/div>\n\t\t<\/section>\n\t\t\t\t<section class=\"elementor-section elementor-top-section elementor-element elementor-element-a51c513 elementor-section-full_width elementor-section-height-default elementor-section-height-default\" data-id=\"a51c513\" data-element_type=\"section\">\n\t\t\t\t\t\t<div class=\"elementor-container elementor-column-gap-default\">\n\t\t\t\t\t<div class=\"elementor-column elementor-col-50 elementor-top-column elementor-element elementor-element-fc4c6fc\" data-id=\"fc4c6fc\" data-element_type=\"column\">\n\t\t\t<div class=\"elementor-widget-wrap elementor-element-populated\">\n\t\t\t\t\t\t<section class=\"elementor-section elementor-inner-section elementor-element elementor-element-92e1779 elementor-section-boxed elementor-section-height-default elementor-section-height-default\" data-id=\"92e1779\" data-element_type=\"section\">\n\t\t\t\t\t\t<div class=\"elementor-container elementor-column-gap-default\">\n\t\t\t\t\t<div class=\"elementor-column elementor-col-50 elementor-inner-column elementor-element elementor-element-664f5e1\" data-id=\"664f5e1\" data-element_type=\"column\">\n\t\t\t<div class=\"elementor-widget-wrap elementor-element-populated\">\n\t\t\t\t\t\t<div class=\"elementor-element elementor-element-96559ec elementor-widget elementor-widget-image\" data-id=\"96559ec\" data-element_type=\"widget\" data-widget_type=\"image.default\">\n\t\t\t\t<div class=\"elementor-widget-container\">\n\t\t\t\t\t\t\t\t\t\t\t\t\t\t\t<img decoding=\"async\" width=\"500\" height=\"500\" src=\"https:\/\/lemaanam.org.il\/wp-content\/uploads\/2024\/01\/\u05d4\u05e2\u05d1\u05e8\u05d4.png\" class=\"attachment-large size-large wp-image-3327\" alt=\"\" srcset=\"https:\/\/lemaanam.org.il\/wp-content\/uploads\/2024\/01\/\u05d4\u05e2\u05d1\u05e8\u05d4.png 500w, https:\/\/lemaanam.org.il\/wp-content\/uploads\/2024\/01\/\u05d4\u05e2\u05d1\u05e8\u05d4-300x300.png 300w, https:\/\/lemaanam.org.il\/wp-content\/uploads\/2024\/01\/\u05d4\u05e2\u05d1\u05e8\u05d4-150x150.png 150w\" sizes=\"(max-width: 500px) 100vw, 500px\" \/>\t\t\t\t\t\t\t\t\t\t\t\t\t\t\t<\/div>\n\t\t\t\t<\/div>\n\t\t\t\t\t<\/div>\n\t\t<\/div>\n\t\t\t\t<div class=\"elementor-column elementor-col-50 elementor-inner-column elementor-element elementor-element-e17e482\" data-id=\"e17e482\" data-element_type=\"column\">\n\t\t\t<div class=\"elementor-widget-wrap elementor-element-populated\">\n\t\t\t\t\t\t<div class=\"elementor-element elementor-element-eb494b3 elementor-widget elementor-widget-heading\" data-id=\"eb494b3\" data-element_type=\"widget\" data-widget_type=\"heading.default\">\n\t\t\t\t<div class=\"elementor-widget-container\">\n\t\t\t\t\t<h2 class=\"elementor-heading-title elementor-size-default\">Virement bancaire<\/h2>\t\t\t\t<\/div>\n\t\t\t\t<\/div>\n\t\t\t\t<div class=\"elementor-element elementor-element-9999372 elementor-widget elementor-widget-text-editor\" data-id=\"9999372\" data-element_type=\"widget\" data-widget_type=\"text-editor.default\">\n\t\t\t\t<div class=\"elementor-widget-container\">\n\t\t\t\t\t\t\t\t\t<p>Association LeMaanam \u2013 M\u00e9decins pour les survivants de l&rsquo;Holocauste<br \/>PAGI Bank &#8211; 52<br \/>Succursale 179<br \/>Num\u00e9ro de compte &#8211; 610084<\/p>\n\t\t\t\t\t\t\t\t<\/div>\n\t\t\t\t<\/div>\n\t\t\t\t\t<\/div>\n\t\t<\/div>\n\t\t\t\t\t<\/div>\n\t\t<\/section>\n\t\t\t\t\t<\/div>\n\t\t<\/div>\n\t\t\t\t<div class=\"elementor-column elementor-col-50 elementor-top-column elementor-element elementor-element-31d2e91\" data-id=\"31d2e91\" data-element_type=\"column\">\n\t\t\t<div class=\"elementor-widget-wrap elementor-element-populated\">\n\t\t\t\t\t\t<section class=\"elementor-section elementor-inner-section elementor-element elementor-element-41c614a elementor-section-boxed elementor-section-height-default elementor-section-height-default\" data-id=\"41c614a\" data-element_type=\"section\">\n\t\t\t\t\t\t<div class=\"elementor-container elementor-column-gap-default\">\n\t\t\t\t\t<div class=\"elementor-column elementor-col-50 elementor-inner-column elementor-element elementor-element-6d4e9a3\" data-id=\"6d4e9a3\" data-element_type=\"column\">\n\t\t\t<div class=\"elementor-widget-wrap elementor-element-populated\">\n\t\t\t\t\t\t<div class=\"elementor-element elementor-element-6db1b08 elementor-widget elementor-widget-image\" data-id=\"6db1b08\" data-element_type=\"widget\" data-widget_type=\"image.default\">\n\t\t\t\t<div class=\"elementor-widget-container\">\n\t\t\t\t\t\t\t\t\t\t\t\t\t\t\t\t<a href=\"tel:+972*3191\">\n\t\t\t\t\t\t\t<img loading=\"lazy\" decoding=\"async\" width=\"500\" height=\"500\" src=\"https:\/\/lemaanam.org.il\/wp-content\/uploads\/2024\/01\/\u05d4\u05ea\u05e7\u05e9\u05e8\u05d5.png\" class=\"attachment-large size-large wp-image-3328\" alt=\"\" srcset=\"https:\/\/lemaanam.org.il\/wp-content\/uploads\/2024\/01\/\u05d4\u05ea\u05e7\u05e9\u05e8\u05d5.png 500w, https:\/\/lemaanam.org.il\/wp-content\/uploads\/2024\/01\/\u05d4\u05ea\u05e7\u05e9\u05e8\u05d5-300x300.png 300w, https:\/\/lemaanam.org.il\/wp-content\/uploads\/2024\/01\/\u05d4\u05ea\u05e7\u05e9\u05e8\u05d5-150x150.png 150w\" sizes=\"(max-width: 500px) 100vw, 500px\" \/>\t\t\t\t\t\t\t\t<\/a>\n\t\t\t\t\t\t\t\t\t\t\t\t\t\t\t<\/div>\n\t\t\t\t<\/div>\n\t\t\t\t\t<\/div>\n\t\t<\/div>\n\t\t\t\t<div class=\"elementor-column elementor-col-50 elementor-inner-column elementor-element elementor-element-0e155c1\" data-id=\"0e155c1\" data-element_type=\"column\">\n\t\t\t<div class=\"elementor-widget-wrap elementor-element-populated\">\n\t\t\t\t\t\t<div class=\"elementor-element elementor-element-8b20bbd elementor-widget elementor-widget-heading\" data-id=\"8b20bbd\" data-element_type=\"widget\" data-widget_type=\"heading.default\">\n\t\t\t\t<div class=\"elementor-widget-container\">\n\t\t\t\t\t<h2 class=\"elementor-heading-title elementor-size-default\">Par t\u00e9l\u00e9phone<\/h2>\t\t\t\t<\/div>\n\t\t\t\t<\/div>\n\t\t\t\t<div class=\"elementor-element elementor-element-35c7bf6 elementor-widget elementor-widget-text-editor\" data-id=\"35c7bf6\" data-element_type=\"widget\" data-widget_type=\"text-editor.default\">\n\t\t\t\t<div class=\"elementor-widget-container\">\n\t\t\t\t\t\t\t\t\t<p>Composez le *3191 et nous continuerons \u00e0 partir de l\u00e0<\/p>\n\t\t\t\t\t\t\t\t<\/div>\n\t\t\t\t<\/div>\n\t\t\t\t\t<\/div>\n\t\t<\/div>\n\t\t\t\t\t<\/div>\n\t\t<\/section>\n\t\t\t\t\t<\/div>\n\t\t<\/div>\n\t\t\t\t\t<\/div>\n\t\t<\/section>\n\t\t\t\t<\/div>\n\t\t","protected":false},"excerpt":{"rendered":"<p>Dons Comment pouvez-vous nous faire un don ? JGive Un syst\u00e8me s\u00e9curis\u00e9 avec plusieurs options pour faire un don, Faire un don \u00ab Igul LeTova \u00bb (Rassemblement pour la charit\u00e9) Avez-vous pay\u00e9 en carte de cr\u00e9dit ? Le montant de l&rsquo;achat sera arrondi au montant sup\u00e9rieur et les agourot seront revers\u00e9s \u00e0 notre cause. Faire [&hellip;]<\/p>\n","protected":false},"author":2,"featured_media":0,"parent":0,"menu_order":0,"comment_status":"closed","ping_status":"closed","template":"","meta":{"site-sidebar-layout":"no-sidebar","site-content-layout":"page-builder","ast-site-content-layout":"full-width-container","site-content-style":"unboxed","site-sidebar-style":"unboxed","ast-global-header-display":"","ast-banner-title-visibility":"","ast-main-header-display":"","ast-hfb-above-header-display":"","ast-hfb-below-header-display":"","ast-hfb-mobile-header-display":"","site-post-title":"disabled","ast-breadcrumbs-content":"","ast-featured-img":"disabled","footer-sml-layout":"","theme-transparent-header-meta":"enabled","adv-header-id-meta":"","stick-header-meta":"","header-above-stick-meta":"","header-main-stick-meta":"","header-below-stick-meta":"","astra-migrate-meta-layouts":"default","ast-page-background-enabled":"default","ast-page-background-meta":{"desktop":{"background-color":"","background-image":"","background-repeat":"repeat","background-position":"center center","background-size":"auto","background-attachment":"scroll","background-type":"","background-media":"","overlay-type":"","overlay-color":"","overlay-opacity":"","overlay-gradient":""},"tablet":{"background-color":"","background-image":"","background-repeat":"repeat","background-position":"center center","background-size":"auto","background-attachment":"scroll","background-type":"","background-media":"","overlay-type":"","overlay-color":"","overlay-opacity":"","overlay-gradient":""},"mobile":{"background-color":"","background-image":"","background-repeat":"repeat","background-position":"center center","background-size":"auto","background-attachment":"scroll","background-type":"","background-media":"","overlay-type":"","overlay-color":"","overlay-opacity":"","overlay-gradient":""}},"ast-content-background-meta":{"desktop":{"background-color":"var(--ast-global-color-5)","background-image":"","background-repeat":"repeat","background-position":"center center","background-size":"auto","background-attachment":"scroll","background-type":"","background-media":"","overlay-type":"","overlay-color":"","overlay-opacity":"","overlay-gradient":""},"tablet":{"background-color":"var(--ast-global-color-5)","background-image":"","background-repeat":"repeat","background-position":"center center","background-size":"auto","background-attachment":"scroll","background-type":"","background-media":"","overlay-type":"","overlay-color":"","overlay-opacity":"","overlay-gradient":""},"mobile":{"background-color":"var(--ast-global-color-5)","background-image":"","background-repeat":"repeat","background-position":"center center","background-size":"auto","background-attachment":"scroll","background-type":"","background-media":"","overlay-type":"","overlay-color":"","overlay-opacity":"","overlay-gradient":""}},"iawp_total_views":24,"footnotes":""},"yst_prominent_words":[],"class_list":["post-3324","page","type-page","status-publish","hentry"],"yoast_head":"<!-- This site is optimized with the Yoast SEO Premium plugin v14.0.4 - https:\/\/yoast.com\/wordpress\/plugins\/seo\/ -->\n<title>Dons - \u05dc\u05de\u05e2\u05e0\u05dd - \u05e8\u05d5\u05e4\u05d0\u05d5\u05ea \u05d5\u05e8\u05d5\u05e4\u05d0\u05d9\u05dd \u05dc\u05de\u05e2\u05df \u05e9\u05d5\u05e8\u05d3\u05d9 \u05e9\u05d5\u05d0\u05d4<\/title>\n<meta name=\"robots\" content=\"index, follow\" \/>\n<meta name=\"googlebot\" content=\"index, follow, max-snippet:-1, max-image-preview:large, max-video-preview:-1\" \/>\n<meta name=\"bingbot\" content=\"index, follow, max-snippet:-1, max-image-preview:large, max-video-preview:-1\" \/>\n<link rel=\"canonical\" href=\"https:\/\/lemaanam.org.il\/fr\/dons\/\" \/>\n<meta property=\"og:locale\" content=\"fr_FR\" \/>\n<meta property=\"og:type\" content=\"article\" \/>\n<meta property=\"og:title\" content=\"Dons - \u05dc\u05de\u05e2\u05e0\u05dd - \u05e8\u05d5\u05e4\u05d0\u05d5\u05ea \u05d5\u05e8\u05d5\u05e4\u05d0\u05d9\u05dd \u05dc\u05de\u05e2\u05df \u05e9\u05d5\u05e8\u05d3\u05d9 \u05e9\u05d5\u05d0\u05d4\" \/>\n<meta property=\"og:description\" content=\"Dons Comment pouvez-vous nous faire un don ? JGive Un syst\u00e8me s\u00e9curis\u00e9 avec plusieurs options pour faire un don, Faire un don \u00ab Igul LeTova \u00bb (Rassemblement pour la charit\u00e9) Avez-vous pay\u00e9 en carte de cr\u00e9dit ? Le montant de l&rsquo;achat sera arrondi au montant sup\u00e9rieur et les agourot seront revers\u00e9s \u00e0 notre cause. Faire [&hellip;]\" \/>\n<meta property=\"og:url\" content=\"https:\/\/lemaanam.org.il\/fr\/dons\/\" \/>\n<meta property=\"og:site_name\" content=\"\u05dc\u05de\u05e2\u05e0\u05dd - \u05e8\u05d5\u05e4\u05d0\u05d5\u05ea \u05d5\u05e8\u05d5\u05e4\u05d0\u05d9\u05dd \u05dc\u05de\u05e2\u05df \u05e9\u05d5\u05e8\u05d3\u05d9 \u05e9\u05d5\u05d0\u05d4\" \/>\n<meta property=\"article:modified_time\" content=\"2024-10-09T14:20:05+00:00\" \/>\n<meta property=\"og:image\" content=\"https:\/\/lemaanam.org.il\/wp-content\/uploads\/2024\/01\/\u05d2\u05d9\u05d1.png\" \/>\n<meta name=\"twitter:card\" content=\"summary_large_image\" \/>\n<script type=\"application\/ld+json\" class=\"yoast-schema-graph\">{\"@context\":\"https:\/\/schema.org\",\"@graph\":[{\"@type\":\"WebSite\",\"@id\":\"https:\/\/lemaanam.org.il\/fr\/#website\",\"url\":\"https:\/\/lemaanam.org.il\/fr\/\",\"name\":\"\\u05dc\\u05de\\u05e2\\u05e0\\u05dd - \\u05e8\\u05d5\\u05e4\\u05d0\\u05d5\\u05ea \\u05d5\\u05e8\\u05d5\\u05e4\\u05d0\\u05d9\\u05dd \\u05dc\\u05de\\u05e2\\u05df \\u05e9\\u05d5\\u05e8\\u05d3\\u05d9 \\u05e9\\u05d5\\u05d0\\u05d4\",\"description\":\"\\u05dc\\u05de\\u05e2\\u05e0\\u05dd - \\u05e8\\u05d5\\u05e4\\u05d0\\u05d5\\u05ea \\u05d5\\u05e8\\u05d5\\u05e4\\u05d0\\u05d9\\u05dd \\u05dc\\u05de\\u05e2\\u05df \\u05e9\\u05d5\\u05e8\\u05d3\\u05d9 \\u05d4\\u05e9\\u05d5\\u05d0\\u05d4\",\"potentialAction\":[{\"@type\":\"SearchAction\",\"target\":\"https:\/\/lemaanam.org.il\/fr\/?s={search_term_string}\",\"query-input\":\"required name=search_term_string\"}],\"inLanguage\":\"fr-FR\"},{\"@type\":\"ImageObject\",\"@id\":\"https:\/\/lemaanam.org.il\/fr\/dons\/#primaryimage\",\"inLanguage\":\"fr-FR\",\"url\":\"https:\/\/lemaanam.org.il\/wp-content\/uploads\/2024\/01\/\\u05d2\\u05d9\\u05d1.png\",\"width\":500,\"height\":500},{\"@type\":\"WebPage\",\"@id\":\"https:\/\/lemaanam.org.il\/fr\/dons\/#webpage\",\"url\":\"https:\/\/lemaanam.org.il\/fr\/dons\/\",\"name\":\"Dons - \\u05dc\\u05de\\u05e2\\u05e0\\u05dd - \\u05e8\\u05d5\\u05e4\\u05d0\\u05d5\\u05ea \\u05d5\\u05e8\\u05d5\\u05e4\\u05d0\\u05d9\\u05dd \\u05dc\\u05de\\u05e2\\u05df \\u05e9\\u05d5\\u05e8\\u05d3\\u05d9 \\u05e9\\u05d5\\u05d0\\u05d4\",\"isPartOf\":{\"@id\":\"https:\/\/lemaanam.org.il\/fr\/#website\"},\"primaryImageOfPage\":{\"@id\":\"https:\/\/lemaanam.org.il\/fr\/dons\/#primaryimage\"},\"datePublished\":\"2017-09-14T10:44:01+00:00\",\"dateModified\":\"2024-10-09T14:20:05+00:00\",\"inLanguage\":\"fr-FR\",\"potentialAction\":[{\"@type\":\"ReadAction\",\"target\":[\"https:\/\/lemaanam.org.il\/fr\/dons\/\"]}]}]}<\/script>\n<!-- \/ Yoast SEO Premium plugin. -->","_links":{"self":[{"href":"https:\/\/lemaanam.org.il\/fr\/wp-json\/wp\/v2\/pages\/3324","targetHints":{"allow":["GET"]}}],"collection":[{"href":"https:\/\/lemaanam.org.il\/fr\/wp-json\/wp\/v2\/pages"}],"about":[{"href":"https:\/\/lemaanam.org.il\/fr\/wp-json\/wp\/v2\/types\/page"}],"author":[{"embeddable":true,"href":"https:\/\/lemaanam.org.il\/fr\/wp-json\/wp\/v2\/users\/2"}],"replies":[{"embeddable":true,"href":"https:\/\/lemaanam.org.il\/fr\/wp-json\/wp\/v2\/comments?post=3324"}],"version-history":[{"count":4,"href":"https:\/\/lemaanam.org.il\/fr\/wp-json\/wp\/v2\/pages\/3324\/revisions"}],"predecessor-version":[{"id":3352,"href":"https:\/\/lemaanam.org.il\/fr\/wp-json\/wp\/v2\/pages\/3324\/revisions\/3352"}],"wp:attachment":[{"href":"https:\/\/lemaanam.org.il\/fr\/wp-json\/wp\/v2\/media?parent=3324"}],"wp:term":[{"taxonomy":"yst_prominent_words","embeddable":true,"href":"https:\/\/lemaanam.org.il\/fr\/wp-json\/wp\/v2\/yst_prominent_words?post=3324"}],"curies":[{"name":"wp","href":"https:\/\/api.w.org\/{rel}","templated":true}]}}